{"id":1071,"date":"2015-12-14T07:14:55","date_gmt":"2015-12-14T07:14:55","guid":{"rendered":"http:\/\/consulting.stylemixthemes.com\/?page_id=2"},"modified":"2025-11-24T07:43:52","modified_gmt":"2025-11-24T07:43:52","slug":"sample-page-2","status":"publish","type":"page","link":"https:\/\/tarasecaselor.ro\/","title":{"rendered":"home"},"content":{"rendered":"<div class=\"wpb-content-wrapper\"><p>[vc_row css=&#8221;.vc_custom_1460958899385{margin-bottom: 56px !important;}&#8221;][vc_column offset=&#8221;vc_hidden-xs&#8221;][vc_single_image image=&#8221;7201&#8243; img_size=&#8221;full&#8221; alignment=&#8221;center&#8221; css=&#8221;&#8221;][vc_empty_space][rev_slider_vc alias=&#8221;main_slider&#8221;][\/vc_column][\/vc_row][vc_row css=&#8221;.vc_custom_1460959826501{margin-bottom: 58px !important;}&#8221;][vc_column][vc_custom_heading text=&#8221;Gal \u021aara Seca\u0219elor \u00eenseamn\u0103:&#8221; font_container=&#8221;tag:h2|text_align:center&#8221; use_theme_fonts=&#8221;yes&#8221; css=&#8221;.vc_custom_1733911594216{margin-bottom: 60px !important;}&#8221;][vc_row_inner css=&#8221;.vc_custom_1460959302608{margin-bottom: 23px !important;}&#8221;][vc_column_inner width=&#8221;1\/3&#8243;][stm_icon_box icon=&#8221;stm-plane6&#8243; style=&#8221;icon_left&#8221; icon_size=&#8221;32&#8243; icon_width=&#8221;84&#8243; title=&#8221;Elaborarea \u0219i implementarea strategiilor&#8221;]<strong>Elaborarea \u0219i implementarea strategiilor de dezvoltare local\u0103:<\/strong> Identificarea nevoilor \u0219i priorit\u0103\u021bilor comunit\u0103\u021bii, formularea de planuri \u0219i ini\u021biative concrete pentru dezvoltare.[\/stm_icon_box][\/vc_column_inner][vc_column_inner width=&#8221;1\/3&#8243;][stm_icon_box icon=&#8221;stm-line-graph6&#8243; style=&#8221;icon_left&#8221; icon_size=&#8221;32&#8243; icon_width=&#8221;84&#8243; title=&#8221;Acordarea de finan\u021b\u0103ri \u0219i sprijin&#8221;]<strong>Acordarea de finan\u021b\u0103ri \u0219i sprijin tehnic pentru proiecte locale:<\/strong> GAL-urile ofer\u0103 finan\u021bare micilor afaceri, fermierilor, organiza\u021biilor \u0219i altor actori locali, pentru proiecte ce contribuie la dezvoltarea rural\u0103 (ex. modernizarea infrastructurii, protec\u021bia mediului, promovarea turismului rural).[\/stm_icon_box][\/vc_column_inner][vc_column_inner width=&#8221;1\/3&#8243;][stm_icon_box icon=&#8221;stm-cart6&#8243; style=&#8221;icon_left&#8221; icon_size=&#8221;32&#8243; icon_width=&#8221;84&#8243; title=&#8221;Sus\u021binerea inov\u0103rii \u0219i antreprenoriatului&#8221;]<strong>Sus\u021binerea inov\u0103rii \u0219i antreprenoriatului:<\/strong> \u00cencurajeaz\u0103 solu\u021bii inovative \u0219i sprijin\u0103 antreprenorii locali, contribuind la crearea de locuri de munc\u0103 \u0219i la cre\u0219terea calit\u0103\u021bii vie\u021bii.[\/stm_icon_box][\/vc_column_inner][\/vc_row_inner][vc_row_inner][vc_column_inner width=&#8221;1\/3&#8243;][stm_icon_box icon=&#8221;stm-building6&#8243; style=&#8221;icon_left&#8221; icon_size=&#8221;32&#8243; icon_width=&#8221;84&#8243; title=&#8221;Promovarea patrimoniului cultural \u0219i turismului local&#8221;]<strong>Promovarea patrimoniului cultural \u0219i turismului local:<\/strong> Prin sprijinul GAL-urilor, comunit\u0103\u021bile locale pot restaura, conserva \u0219i promova resursele culturale \u0219i naturale unice.[\/stm_icon_box][\/vc_column_inner][vc_column_inner width=&#8221;1\/3&#8243;][stm_icon_box icon=&#8221;stm-lamp6&#8243; style=&#8221;icon_left&#8221; icon_size=&#8221;32&#8243; icon_width=&#8221;84&#8243; title=&#8221;Dedicati pentru comunitate&#8221;]GAL-Tara Secaselor func\u021bioneaz\u0103 pe baza unui parteneriat public-privat \u0219i contribuie la stimularea economiei \u0219i a dezvolt\u0103rii rurale prin sprijinirea ini\u021biativelor locale, adaptate specific la nevoile fiec\u0103rei comunit\u0103\u021bi.[\/stm_icon_box][\/vc_column_inner][vc_column_inner width=&#8221;1\/3&#8243;][stm_icon_box icon=&#8221;stm-lorry6&#8243; style=&#8221;icon_left&#8221; icon_size=&#8221;32&#8243; icon_width=&#8221;84&#8243; title=&#8221;Crearea unei re\u021bele parteneriate&#8221;]Crearea unei re\u021bele locale de parteneriate: GAL-urile faciliteaz\u0103 colaborarea \u00eentre autorit\u0103\u021bi, cet\u0103\u021beni \u0219i diverse organiza\u021bii pentru dezvoltarea durabil\u0103.[\/stm_icon_box][\/vc_column_inner][\/vc_row_inner][\/vc_column][\/vc_row][vc_row full_width=&#8221;stretch_row&#8221; css=&#8221;.vc_custom_1462009390863{margin-bottom: 0px !important;padding-top: 35px !important;padding-bottom: 46px !important;background-image: url(https:\/\/tarasecaselor.ro\/wp-content\/uploads\/2024\/11\/content-2-1.jpg) !important;background-position: center !important;background-repeat: no-repeat !important;background-size: cover !important;}&#8221; el_class=&#8221;white-overlay_1 fixed_bg&#8221;][vc_column][vc_custom_heading stripe_pos=&#8221;hide&#8221; stm_title_font_weight=&#8221;300&#8243; text=&#8221;<mark>Indiferent ca vii la semanatul holdelor sau la culesul viei, la infloritul ciresilor sau la vremea colindelor, vei gasi mereu aici locuri desprinse parca din vechile basme romanesti, de o frumusete rapita din sevaletele unor pictori nepamanteni. Dar, mai presus de toate, vei gasi acei oameni cu care vrei sa te gasesti mereu: ardeleni cu vorba domoala, gata sa isi imparta cu tine mai mult decat au, oameni drepti de la care vei avea mereu ceva nou de invatat si care sunt gata, la randul lor, sa invete de la tine. Bine ai venit in Tara Secaselor. Fii gata sa te indragostesti de locuri, de oameni si de ceea ce oameni au aratat ca stiu sa faca dintr-un loc aparent obisnuit, unul de vis.<\/mark><br \/>\nStim sa primim si cu paine si sare dar si cu oportunitati de sustinere si finantare.&#8221; font_container=&#8221;tag:h6|font_size:28px|text_align:center|line_height:34px&#8221; use_theme_fonts=&#8221;yes&#8221; css=&#8221;&#8221; stripe_hide=&#8221;yes&#8221;][\/vc_column][\/vc_row][vc_row full_width=&#8221;stretch_row&#8221; css=&#8221;.vc_custom_1460961720925{padding-top: 61px !important;padding-bottom: 80px !important;background-image: url(https:\/\/tarasecaselor.ro\/wp-content\/uploads\/2024\/11\/content-4-1.jpg) !important;background-position: center !important;background-repeat: no-repeat !important;background-size: cover !important;}&#8221; el_class=&#8221;overlay_2&#8243;][vc_column][vc_custom_heading text=&#8221;Noutati&#8221; font_container=&#8221;tag:h2|text_align:center|color:%23ffffff&#8221; use_theme_fonts=&#8221;yes&#8221; css=&#8221;.vc_custom_1731297678891{margin-bottom: 40px !important;}&#8221;][vc_row_inner][vc_column_inner width=&#8221;1\/3&#8243;][stm_info_box align_center=&#8221;yes&#8221; style=&#8221;style_2&#8243; title=&#8221;LEADER&#8221; link=&#8221;url:http%3A%2F%2Fold.tarasecaselor.ro|target:_blank&#8221; css=&#8221;.vc_custom_1763970231085{margin-bottom: 0px !important;padding-top: 10px !important;padding-right: 50px !important;padding-bottom: 32px !important;padding-left: 50px !important;}&#8221;]<span style=\"font-size: 13px; line-height: 18px;\">2014-2020<\/span>[\/stm_info_box][stm_spacing xs_spacing=&#8221;30px&#8221;][\/vc_column_inner][vc_column_inner width=&#8221;1\/3&#8243;][stm_info_box align_center=&#8221;yes&#8221; style=&#8221;style_2&#8243; title=&#8221;Nouta\u021bi&#8221; link=&#8221;url:https%3A%2F%2Ftarasecaselor.ro%2Fnou%2F%3Fpage_id%3D6285&#8243; css=&#8221;.vc_custom_1731300613213{margin-bottom: 0px !important;padding-top: 10px !important;padding-right: 50px !important;padding-bottom: 32px !important;padding-left: 50px !important;}&#8221;]<span style=\"font-size: 13px; line-height: 18px;\">Ultimele \u0219tiri<\/span>[\/stm_info_box][stm_spacing xs_spacing=&#8221;30px&#8221;][\/vc_column_inner][vc_column_inner width=&#8221;1\/3&#8243;][stm_info_box align_center=&#8221;yes&#8221; style=&#8221;style_2&#8243; title=&#8221;LEADER&#8221; link=&#8221;url:https%3A%2F%2Ftarasecaselor.ro%2Fnou&#8221; css=&#8221;.vc_custom_1731300573131{margin-bottom: 0px !important;padding-top: 10px !important;padding-right: 50px !important;padding-bottom: 32px !important;padding-left: 50px !important;}&#8221;]<span style=\"font-size: 13px; line-height: 18px;\">2023 &#8211; 2027<\/span>[\/stm_info_box][\/vc_column_inner][\/vc_row_inner][\/vc_column][\/vc_row][vc_row full_width=&#8221;stretch_row_content_no_spaces&#8221; disable_element=&#8221;yes&#8221;][vc_column][stm_testimonials count=&#8221;3&#8243; style=&#8221;style_3&#8243; category=&#8221;background&#8221; loop=&#8221;yes&#8221;][\/vc_column][\/vc_row][vc_row disable_element=&#8221;yes&#8221; css=&#8221;.vc_custom_1731294487745{padding-top: 38px !important;padding-bottom: 38px !important;}&#8221;][vc_column][stm_image_carousel grayscale=&#8221;yes&#8221; img_size=&#8221;180&#215;96&#8243; images=&#8221;7069,7068,7071,7071,7073,7070&#8243; link=&#8221;url:%2Flayout-6%2Fcompany-overview%2Four-partners%2F||&#8221;][\/vc_column][\/vc_row][vc_row full_width=&#8221;stretch_row&#8221; disable_element=&#8221;yes&#8221; el_class=&#8221;secondary_bg_color&#8221; css=&#8221;.vc_custom_1731296451526{margin-bottom: -60px !important;padding-top: 52px !important;padding-bottom: 23px !important;}&#8221;][vc_column][vc_custom_heading text=&#8221;Request a Call back&#8221; font_container=&#8221;tag:h2|text_align:center&#8221; use_theme_fonts=&#8221;yes&#8221; css=&#8221;.vc_custom_1460965460430{margin-bottom: -10px !important;}&#8221;]\n<div class=\"wpcf7 no-js\" id=\"wpcf7-f1380-o1\" lang=\"en-US\" dir=\"ltr\" data-wpcf7-id=\"1380\">\n<div class=\"screen-reader-response\"><p role=\"status\" aria-live=\"polite\" aria-atomic=\"true\"><\/p> <ul><\/ul><\/div>\n<form action=\"\/index.php?rest_route=%2Fwp%2Fv2%2Fpages%2F1071#wpcf7-f1380-o1\" method=\"post\" class=\"wpcf7-form init\" aria-label=\"Contact form\" novalidate=\"novalidate\" data-status=\"init\">\n<div style=\"display: none;\">\n<input type=\"hidden\" name=\"_wpcf7\" value=\"1380\" \/>\n<input type=\"hidden\" name=\"_wpcf7_version\" value=\"6.0\" \/>\n<input type=\"hidden\" name=\"_wpcf7_locale\" value=\"en_US\" \/>\n<input type=\"hidden\" name=\"_wpcf7_unit_tag\" value=\"wpcf7-f1380-o1\" \/>\n<input type=\"hidden\" name=\"_wpcf7_container_post\" value=\"0\" \/>\n<input type=\"hidden\" name=\"_wpcf7_posted_data_hash\" value=\"\" \/>\n<\/div>\n<div class=\"request_callback_6\">\n    <div class=\"row\">\n        <div class=\"col-sm-4 col-xs-12\">\n            <div class=\"input-group\">\n                <span class=\"wpcf7-form-control-wrap\" data-name=\"text-name\"><input size=\"40\" maxlength=\"400\" class=\"wpcf7-form-control wpcf7-text wpcf7-validates-as-required\" aria-required=\"true\" aria-invalid=\"false\" placeholder=\"First name\" value=\"\" type=\"text\" name=\"text-name\" \/><\/span>\n            <\/div>\n        <\/div>\n        <div class=\"col-sm-4 col-xs-12\">\n            <div class=\"input-group\">\n                <span class=\"wpcf7-form-control-wrap\" data-name=\"phone\"><input size=\"40\" maxlength=\"400\" class=\"wpcf7-form-control wpcf7-tel wpcf7-validates-as-required wpcf7-text wpcf7-validates-as-tel\" aria-required=\"true\" aria-invalid=\"false\" placeholder=\"Phone number\" value=\"\" type=\"tel\" name=\"phone\" \/><\/span>\n            <\/div>\n        <\/div>\n        <div class=\"col-sm-4 col-xs-12\">\n            <div class=\"input-group\">\n                <span class=\"wpcf7-form-control-wrap\" data-name=\"services_consulting\"><select class=\"wpcf7-form-control wpcf7-select\" aria-invalid=\"false\" name=\"services_consulting\"><option value=\"\">Business Planning<\/option><option value=\"Audit &amp; Assurance\">Audit &amp; Assurance<\/option><option value=\"Strategic Planning\">Strategic Planning<\/option><option value=\"Trades &amp; Stocks\">Trades &amp; Stocks<\/option><option value=\"Financial Projections\">Financial Projections<\/option><\/select><\/span>\n            <\/div>\n        <\/div>\n    <\/div>\n    <div class=\"row\">\n      <div class=\"col-xs-12\">\n        <div class=\"input-group text-center\">\n          <button type=\"submit\" class=\"button theme_style_2 size-lg icon_right\">SUBMIT <i class=\"fa fa-chevron-right\"><\/i><\/button>\n        <\/div>\n     <\/div>\n    <\/div>\n<\/div><div class=\"wpcf7-response-output\" aria-hidden=\"true\"><\/div>\n<\/form>\n<\/div>\n[\/vc_column][\/vc_row]<\/p>\n<\/div>","protected":false},"excerpt":{"rendered":"<p>[vc_row css=&#8221;.vc_custom_1460958899385{margin-bottom: 56px !important;}&#8221;][vc_column offset=&#8221;vc_hidden-xs&#8221;][vc_single_image image=&#8221;7201&#8243; img_size=&#8221;full&#8221; alignment=&#8221;center&#8221; css=&#8221;&#8221;][vc_empty_space][rev_slider_vc alias=&#8221;main_slider&#8221;][\/vc_column][\/vc_row][vc_row css=&#8221;.vc_custom_1460959826501{margin-bottom: 58px !important;}&#8221;][vc_column][vc_custom_heading text=&#8221;Gal \u021aara Seca\u0219elor \u00eenseamn\u0103:&#8221; font_container=&#8221;tag:h2|text_align:center&#8221; use_theme_fonts=&#8221;yes&#8221; css=&#8221;.vc_custom_1733911594216{margin-bottom: 60px !important;}&#8221;][vc_row_inner css=&#8221;.vc_custom_1460959302608{margin-bottom: 23px !important;}&#8221;][vc_column_inner width=&#8221;1\/3&#8243;][stm_icon_box icon=&#8221;stm-plane6&#8243; style=&#8221;icon_left&#8221; icon_size=&#8221;32&#8243; icon_width=&#8221;84&#8243; title=&#8221;Elaborarea \u0219i implementarea strategiilor&#8221;]Elaborarea \u0219i implementarea strategiilor de dezvoltare local\u0103: Identificarea nevoilor \u0219i priorit\u0103\u021bilor comunit\u0103\u021bii, formularea de planuri \u0219i ini\u021biative concrete pentru dezvoltare.[\/stm_icon_box][\/vc_column_inner][vc_column_inner width=&#8221;1\/3&#8243;][stm_icon_box icon=&#8221;stm-line-graph6&#8243;<\/p>\n","protected":false},"author":1,"featured_media":0,"parent":0,"menu_order":0,"comment_status":"closed","ping_status":"closed","template":"","meta":{"footnotes":""},"class_list":["post-1071","page","type-page","status-publish","hentry"],"_links":{"self":[{"href":"https:\/\/tarasecaselor.ro\/index.php?rest_route=\/wp\/v2\/pages\/1071","targetHints":{"allow":["GET"]}}],"collection":[{"href":"https:\/\/tarasecaselor.ro\/index.php?rest_route=\/wp\/v2\/pages"}],"about":[{"href":"https:\/\/tarasecaselor.ro\/index.php?rest_route=\/wp\/v2\/types\/page"}],"author":[{"embeddable":true,"href":"https:\/\/tarasecaselor.ro\/index.php?rest_route=\/wp\/v2\/users\/1"}],"replies":[{"embeddable":true,"href":"https:\/\/tarasecaselor.ro\/index.php?rest_route=%2Fwp%2Fv2%2Fcomments&post=1071"}],"version-history":[{"count":19,"href":"https:\/\/tarasecaselor.ro\/index.php?rest_route=\/wp\/v2\/pages\/1071\/revisions"}],"predecessor-version":[{"id":7580,"href":"https:\/\/tarasecaselor.ro\/index.php?rest_route=\/wp\/v2\/pages\/1071\/revisions\/7580"}],"wp:attachment":[{"href":"https:\/\/tarasecaselor.ro\/index.php?rest_route=%2Fwp%2Fv2%2Fmedia&parent=1071"}],"curies":[{"name":"wp","href":"https:\/\/api.w.org\/{rel}","templated":true}]}}