{"id":7493,"date":"2025-09-16T09:14:29","date_gmt":"2025-09-16T09:14:29","guid":{"rendered":"https:\/\/tarasecaselor.ro\/nou\/?page_id=7493"},"modified":"2025-10-16T12:54:16","modified_gmt":"2025-10-16T12:54:16","slug":"plan-de-bune-practici-20-08-2025","status":"publish","type":"page","link":"https:\/\/tarasecaselor.ro\/?page_id=7493","title":{"rendered":"Plan de bune practici"},"content":{"rendered":"<div data-wp-interactive=\"core\/file\" class=\"wp-block-file\"><object data-wp-bind--hidden=\"!state.hasPdfPreview\" hidden class=\"wp-block-file__embed\" data=\"https:\/\/tarasecaselor.ro\/wp-content\/uploads\/2025\/10\/Raport-anual-AN-I-implementare-SDL-2023-2027-.pdf\" type=\"application\/pdf\" style=\"width:100%;height:600px\" aria-label=\"\u00cenglobare pentru Raport anual AN I implementare SDL 2023-2027 - 10.10.2025.\"><\/object><a id=\"wp-block-file--media-57b1d6ac-b7ff-4104-840f-ced47a3187e0\" href=\"https:\/\/tarasecaselor.ro\/wp-content\/uploads\/2025\/10\/Raport-anual-AN-I-implementare-SDL-2023-2027-.pdf\">Raport anual AN I implementare SDL 2023-2027 &#8211; 10.10.2025<\/a><a href=\"https:\/\/tarasecaselor.ro\/wp-content\/uploads\/2025\/10\/Raport-anual-AN-I-implementare-SDL-2023-2027-.pdf\" class=\"wp-block-file__button wp-element-button\" download aria-describedby=\"wp-block-file--media-57b1d6ac-b7ff-4104-840f-ced47a3187e0\">Descarc\u0103<\/a><\/div><div data-wp-interactive=\"core\/file\" class=\"wp-block-file\"><object data-wp-bind--hidden=\"!state.hasPdfPreview\" hidden class=\"wp-block-file__embed\" data=\"https:\/\/tarasecaselor.ro\/wp-content\/uploads\/2025\/10\/ANUNT-VIZITA-DE-BUNE-PRACTICI-19.09.2025.pdf\" type=\"application\/pdf\" style=\"width:100%;height:600px\" aria-label=\"\u00cenglobare pentru ANUN\u021a VIZIT\u0102 DE BUNE PRACTICI-19.09.2025.\"><\/object><a id=\"wp-block-file--media-00fb14b7-c395-41a7-8cfa-c816d730c094\" href=\"https:\/\/tarasecaselor.ro\/wp-content\/uploads\/2025\/10\/ANUNT-VIZITA-DE-BUNE-PRACTICI-19.09.2025.pdf\">ANUN\u021a VIZIT\u0102 DE BUNE PRACTICI-19.09.2025<\/a><a href=\"https:\/\/tarasecaselor.ro\/wp-content\/uploads\/2025\/10\/ANUNT-VIZITA-DE-BUNE-PRACTICI-19.09.2025.pdf\" class=\"wp-block-file__button wp-element-button\" download aria-describedby=\"wp-block-file--media-00fb14b7-c395-41a7-8cfa-c816d730c094\">Descarc\u0103<\/a><\/div><div data-wp-interactive=\"core\/file\" class=\"wp-block-file\"><object data-wp-bind--hidden=\"!state.hasPdfPreview\" hidden class=\"wp-block-file__embed\" data=\"https:\/\/tarasecaselor.ro\/wp-content\/uploads\/2025\/10\/Plan-de-bune-practici-v1-19.09.2025.pdf\" type=\"application\/pdf\" style=\"width:100%;height:600px\" aria-label=\"\u00cenglobare pentru Plan de bune practici -v1 -19.09.2025.\"><\/object><a id=\"wp-block-file--media-d0781f66-09b6-4f24-9b15-02e3d8780f8a\" href=\"https:\/\/tarasecaselor.ro\/wp-content\/uploads\/2025\/10\/Plan-de-bune-practici-v1-19.09.2025.pdf\">Plan de bune practici -v1 -19.09.2025<\/a><a href=\"https:\/\/tarasecaselor.ro\/wp-content\/uploads\/2025\/10\/Plan-de-bune-practici-v1-19.09.2025.pdf\" class=\"wp-block-file__button wp-element-button\" download aria-describedby=\"wp-block-file--media-d0781f66-09b6-4f24-9b15-02e3d8780f8a\">Descarc\u0103<\/a><\/div><div data-wp-interactive=\"core\/file\" class=\"wp-block-file\"><object data-wp-bind--hidden=\"!state.hasPdfPreview\" hidden class=\"wp-block-file__embed\" data=\"https:\/\/tarasecaselor.ro\/wp-content\/uploads\/2025\/09\/Plan-de-bune-practici-20.08.2025.pdf\" type=\"application\/pdf\" style=\"width:100%;height:600px\" aria-label=\"\u00cenglobare pentru Plan de bune practici - 20.08.2025.\"><\/object><a id=\"wp-block-file--media-2a2322a2-adbc-4168-b4ec-1af309e2826c\" href=\"https:\/\/tarasecaselor.ro\/wp-content\/uploads\/2025\/09\/Plan-de-bune-practici-20.08.2025.pdf\">Plan de bune practici &#8211; 20.08.2025<\/a><a href=\"https:\/\/tarasecaselor.ro\/wp-content\/uploads\/2025\/09\/Plan-de-bune-practici-20.08.2025.pdf\" class=\"wp-block-file__button wp-element-button\" download aria-describedby=\"wp-block-file--media-2a2322a2-adbc-4168-b4ec-1af309e2826c\">Descarc\u0103<\/a><\/div>","protected":false},"excerpt":{"rendered":"Raport anual AN I implementare SDL 2023-2027 - 10.10.2025Descarc\u0103 ANUN\u021a VIZIT\u0102 DE BUNE PRACTICI-19.09.2025Descarc\u0103 Plan de bune practici -v1 -19.09.2025Descarc\u0103 Plan de bune practici - 20.08.2025Descarc\u0103","protected":false},"author":1,"featured_media":0,"parent":0,"menu_order":0,"comment_status":"closed","ping_status":"closed","template":"elementor_header_footer","meta":{"footnotes":""},"class_list":["post-7493","page","type-page","status-publish","hentry"],"_links":{"self":[{"href":"https:\/\/tarasecaselor.ro\/index.php?rest_route=\/wp\/v2\/pages\/7493","targetHints":{"allow":["GET"]}}],"collection":[{"href":"https:\/\/tarasecaselor.ro\/index.php?rest_route=\/wp\/v2\/pages"}],"about":[{"href":"https:\/\/tarasecaselor.ro\/index.php?rest_route=\/wp\/v2\/types\/page"}],"author":[{"embeddable":true,"href":"https:\/\/tarasecaselor.ro\/index.php?rest_route=\/wp\/v2\/users\/1"}],"replies":[{"embeddable":true,"href":"https:\/\/tarasecaselor.ro\/index.php?rest_route=%2Fwp%2Fv2%2Fcomments&post=7493"}],"version-history":[{"count":4,"href":"https:\/\/tarasecaselor.ro\/index.php?rest_route=\/wp\/v2\/pages\/7493\/revisions"}],"predecessor-version":[{"id":7537,"href":"https:\/\/tarasecaselor.ro\/index.php?rest_route=\/wp\/v2\/pages\/7493\/revisions\/7537"}],"wp:attachment":[{"href":"https:\/\/tarasecaselor.ro\/index.php?rest_route=%2Fwp%2Fv2%2Fmedia&parent=7493"}],"curies":[{"name":"wp","href":"https:\/\/api.w.org\/{rel}","templated":true}]}}