{"id":7692,"date":"2026-02-06T11:40:56","date_gmt":"2026-02-06T11:40:56","guid":{"rendered":"https:\/\/tarasecaselor.ro\/?page_id=7692"},"modified":"2026-02-11T09:47:31","modified_gmt":"2026-02-11T09:47:31","slug":"anexe-apel-de-selectie-i-3-mediu","status":"publish","type":"page","link":"https:\/\/tarasecaselor.ro\/?page_id=7692","title":{"rendered":"Anexe Apel de selectie I.3 Mediu"},"content":{"rendered":"<div class=\"wp-block-file\"><a id=\"wp-block-file--media-6e5865a2-1991-4370-be78-11b3f46e5211\" href=\"https:\/\/tarasecaselor.ro\/wp-content\/uploads\/2026\/02\/1.Cerere-de-finantare-Investitii-I3.pdf\">1.Cerere de finan\u021bare Investi\u021bii &#8211; I3<\/a><a href=\"https:\/\/tarasecaselor.ro\/wp-content\/uploads\/2026\/02\/1.Cerere-de-finantare-Investitii-I3.pdf\" class=\"wp-block-file__button wp-element-button\" download aria-describedby=\"wp-block-file--media-6e5865a2-1991-4370-be78-11b3f46e5211\">Descarc\u0103<\/a><\/div><div class=\"wp-block-file\"><a id=\"wp-block-file--media-28ce0540-1de4-4cdc-a7e9-571193a03e54\" href=\"https:\/\/tarasecaselor.ro\/wp-content\/uploads\/2026\/02\/2.Cerere-de-finantare-Servicii-I3.pdf\">2.Cerere de finan\u021bare Servicii -I3<\/a><a href=\"https:\/\/tarasecaselor.ro\/wp-content\/uploads\/2026\/02\/2.Cerere-de-finantare-Servicii-I3.pdf\" class=\"wp-block-file__button wp-element-button\" download aria-describedby=\"wp-block-file--media-28ce0540-1de4-4cdc-a7e9-571193a03e54\">Descarc\u0103<\/a><\/div><div class=\"wp-block-file\"><a id=\"wp-block-file--media-b2efad8d-2aee-4478-8ffe-3d8e7a1c8e58\" href=\"https:\/\/tarasecaselor.ro\/wp-content\/uploads\/2026\/02\/3.Cerere-de-finantare-Investitii-si-servicii-I3.pdf\">3.Cerere de finan\u021bare Investi\u021bii \u0219i servicii -I3<\/a><a href=\"https:\/\/tarasecaselor.ro\/wp-content\/uploads\/2026\/02\/3.Cerere-de-finantare-Investitii-si-servicii-I3.pdf\" class=\"wp-block-file__button wp-element-button\" download aria-describedby=\"wp-block-file--media-b2efad8d-2aee-4478-8ffe-3d8e7a1c8e58\">Descarc\u0103<\/a><\/div><div class=\"wp-block-file\"><a id=\"wp-block-file--media-f4861659-3910-484a-9c15-30011187749a\" href=\"https:\/\/tarasecaselor.ro\/wp-content\/uploads\/2026\/02\/4.Anexa1F1-FisaVerificare-CdCsCd-05.02.2026.docx\">4.Anexa1F1-FisaVerificare-CdCsCd 05.02.2026<\/a><a href=\"https:\/\/tarasecaselor.ro\/wp-content\/uploads\/2026\/02\/4.Anexa1F1-FisaVerificare-CdCsCd-05.02.2026.docx\" class=\"wp-block-file__button wp-element-button\" download aria-describedby=\"wp-block-file--media-f4861659-3910-484a-9c15-30011187749a\">Descarc\u0103<\/a><\/div><div class=\"wp-block-file\"><a id=\"wp-block-file--media-db1f227a-a9dc-48ff-be03-6b7caa124ef4\" href=\"https:\/\/tarasecaselor.ro\/wp-content\/uploads\/2026\/02\/5.Anexa-2-GAL-Model-HCL-privind-implementarea-proiectului.doc\">5.Anexa-2 GAL-Model HCL privind implementarea proiectului<\/a><a href=\"https:\/\/tarasecaselor.ro\/wp-content\/uploads\/2026\/02\/5.Anexa-2-GAL-Model-HCL-privind-implementarea-proiectului.doc\" class=\"wp-block-file__button wp-element-button\" download aria-describedby=\"wp-block-file--media-db1f227a-a9dc-48ff-be03-6b7caa124ef4\">Descarc\u0103<\/a><\/div><div class=\"wp-block-file\"><a id=\"wp-block-file--media-6fa81872-b147-4783-83cc-e8bcdaf68776\" href=\"https:\/\/tarasecaselor.ro\/wp-content\/uploads\/2026\/02\/6.E1.2.2L-Fisa-de-evaluare-generala-a-proiectului-DR36-investitii.docx\">6.E1.2.2L &#8211; Fisa de evaluare generala a proiectului DR36 (investitii)<\/a><a href=\"https:\/\/tarasecaselor.ro\/wp-content\/uploads\/2026\/02\/6.E1.2.2L-Fisa-de-evaluare-generala-a-proiectului-DR36-investitii.docx\" class=\"wp-block-file__button wp-element-button\" download aria-describedby=\"wp-block-file--media-6fa81872-b147-4783-83cc-e8bcdaf68776\">Descarc\u0103<\/a><\/div><div class=\"wp-block-file\"><a id=\"wp-block-file--media-f51bb2df-9d39-4b5d-b359-64bf5d3d0b42\" href=\"https:\/\/tarasecaselor.ro\/wp-content\/uploads\/2026\/02\/7.E1.2.3L-Fisa-de-evaluare-generala-a-proiectului-DR-36-servicii.docx\">7.E1.2.3L &#8211; Fi\u0219a de evaluare general\u0103 a proiectului DR 36 (servicii)<\/a><a href=\"https:\/\/tarasecaselor.ro\/wp-content\/uploads\/2026\/02\/7.E1.2.3L-Fisa-de-evaluare-generala-a-proiectului-DR-36-servicii.docx\" class=\"wp-block-file__button wp-element-button\" download aria-describedby=\"wp-block-file--media-f51bb2df-9d39-4b5d-b359-64bf5d3d0b42\">Descarc\u0103<\/a><\/div><div class=\"wp-block-file\"><a id=\"wp-block-file--media-54d0ecef-c622-4667-9ec2-357c73ba907a\" href=\"https:\/\/tarasecaselor.ro\/wp-content\/uploads\/2026\/02\/8.E1.2.5-L-Fisa-de-verificare-eligibilitate-generala-DR36proiecte-mixte.docx\">8.E1.2.5 L Fisa de verificare eligibilitate generala DR36(proiecte mixte)<\/a><a href=\"https:\/\/tarasecaselor.ro\/wp-content\/uploads\/2026\/02\/8.E1.2.5-L-Fisa-de-verificare-eligibilitate-generala-DR36proiecte-mixte.docx\" class=\"wp-block-file__button wp-element-button\" download aria-describedby=\"wp-block-file--media-54d0ecef-c622-4667-9ec2-357c73ba907a\">Descarc\u0103<\/a><\/div><div class=\"wp-block-file\"><a id=\"wp-block-file--media-03155f3f-3b74-415f-8fee-b31749128019\" href=\"https:\/\/tarasecaselor.ro\/wp-content\/uploads\/2026\/02\/9.Anexa-5-GAL-Declaratie-privind-prelucrarea-datelor-cu-caracter-personal-GAL.doc\">9.Anexa 5 GAL &#8211; Declaratie privind prelucrarea datelor cu caracter personal-GAL<\/a><a href=\"https:\/\/tarasecaselor.ro\/wp-content\/uploads\/2026\/02\/9.Anexa-5-GAL-Declaratie-privind-prelucrarea-datelor-cu-caracter-personal-GAL.doc\" class=\"wp-block-file__button wp-element-button\" download aria-describedby=\"wp-block-file--media-03155f3f-3b74-415f-8fee-b31749128019\">Descarc\u0103<\/a><\/div><div class=\"wp-block-file\"><a id=\"wp-block-file--media-ab8ca565-efcf-488b-9b31-d72aba2d3c29\" href=\"https:\/\/tarasecaselor.ro\/wp-content\/uploads\/2026\/02\/10.Anexa-6-Declaratie-privind-prelucrarea-datelor-cu-caracter-personal-AFIR.doc\">10.Anexa 6 &#8211; Declaratie privind prelucrarea datelor cu caracter personal -AFIR<\/a><a href=\"https:\/\/tarasecaselor.ro\/wp-content\/uploads\/2026\/02\/10.Anexa-6-Declaratie-privind-prelucrarea-datelor-cu-caracter-personal-AFIR.doc\" class=\"wp-block-file__button wp-element-button\" download aria-describedby=\"wp-block-file--media-ab8ca565-efcf-488b-9b31-d72aba2d3c29\">Descarc\u0103<\/a><\/div><div class=\"wp-block-file\"><a id=\"wp-block-file--media-cfabc643-164e-4c59-b115-798b49106e62\" href=\"https:\/\/tarasecaselor.ro\/wp-content\/uploads\/2026\/02\/11.Anexa-10.1-Model-Memoriu-Justificativ.doc\">11.Anexa 10.1 &#8211; Model Memoriu Justificativ<\/a><a href=\"https:\/\/tarasecaselor.ro\/wp-content\/uploads\/2026\/02\/11.Anexa-10.1-Model-Memoriu-Justificativ.doc\" class=\"wp-block-file__button wp-element-button\" download aria-describedby=\"wp-block-file--media-cfabc643-164e-4c59-b115-798b49106e62\">Descarc\u0103<\/a><\/div><div class=\"wp-block-file\"><a id=\"wp-block-file--media-9d0cebae-d2cf-4083-aac8-b22165b7814d\" href=\"https:\/\/tarasecaselor.ro\/wp-content\/uploads\/2026\/02\/12.Anexa-II-C1.1-\u2013-Materiale-si-activitati-informare-tip-publicitar.docx\">12.Anexa II C1.1 \u2013 Materiale \u0219i activit\u0103\u021bi informare tip publicitar<\/a><a href=\"https:\/\/tarasecaselor.ro\/wp-content\/uploads\/2026\/02\/12.Anexa-II-C1.1-\u2013-Materiale-si-activitati-informare-tip-publicitar.docx\" class=\"wp-block-file__button wp-element-button\" download aria-describedby=\"wp-block-file--media-9d0cebae-d2cf-4083-aac8-b22165b7814d\">Descarc\u0103<\/a><\/div><div class=\"wp-block-file\"><a id=\"wp-block-file--media-606ba359-40a5-4f2e-9df7-ca71e8aad520\" href=\"https:\/\/tarasecaselor.ro\/wp-content\/uploads\/2026\/02\/Ghid-Implementare-DR-36-V2.pdf\">Ghid Implementare DR 36 V2<\/a><a href=\"https:\/\/tarasecaselor.ro\/wp-content\/uploads\/2026\/02\/Ghid-Implementare-DR-36-V2.pdf\" class=\"wp-block-file__button wp-element-button\" download aria-describedby=\"wp-block-file--media-606ba359-40a5-4f2e-9df7-ca71e8aad520\">Descarc\u0103<\/a><\/div><div class=\"wp-block-file\"><a id=\"wp-block-file--media-879e0d13-78e1-498b-9676-5b81bd49cb3a\" href=\"https:\/\/tarasecaselor.ro\/wp-content\/uploads\/2026\/02\/GhidSolicitant-I3-05.02.2025.pdf\">GhidSolicitant I3 -05.02.2025<\/a><a href=\"https:\/\/tarasecaselor.ro\/wp-content\/uploads\/2026\/02\/GhidSolicitant-I3-05.02.2025.pdf\" class=\"wp-block-file__button wp-element-button\" download aria-describedby=\"wp-block-file--media-879e0d13-78e1-498b-9676-5b81bd49cb3a\">Descarc\u0103<\/a><\/div>","protected":false},"excerpt":{"rendered":"1.Cerere de finan\u021bare Investi\u021bii - I3Descarc\u0103 2.Cerere de finan\u021bare Servicii -I3Descarc\u0103 3.Cerere de finan\u021bare Investi\u021bii \u0219i servicii -I3Descarc\u0103 4.Anexa1F1-FisaVerificare-CdCsCd 05.02.2026Descarc\u0103 5.Anexa-2 GAL-Model HCL privind implementarea proiectuluiDescarc\u0103 6.E1.2.2L - Fisa de evaluare generala a proiectului DR36 (investitii)Descarc\u0103 7.E1.2.3L - Fi\u0219a de evaluare general\u0103 a proiectului DR 36 (servicii)Descarc\u0103 8.E1.2.5 L Fisa de verificare eligibilitate generala DR36(proiecte","protected":false},"author":1,"featured_media":0,"parent":0,"menu_order":0,"comment_status":"closed","ping_status":"closed","template":"","meta":{"footnotes":""},"class_list":["post-7692","page","type-page","status-publish","hentry"],"_links":{"self":[{"href":"https:\/\/tarasecaselor.ro\/index.php?rest_route=\/wp\/v2\/pages\/7692","targetHints":{"allow":["GET"]}}],"collection":[{"href":"https:\/\/tarasecaselor.ro\/index.php?rest_route=\/wp\/v2\/pages"}],"about":[{"href":"https:\/\/tarasecaselor.ro\/index.php?rest_route=\/wp\/v2\/types\/page"}],"author":[{"embeddable":true,"href":"https:\/\/tarasecaselor.ro\/index.php?rest_route=\/wp\/v2\/users\/1"}],"replies":[{"embeddable":true,"href":"https:\/\/tarasecaselor.ro\/index.php?rest_route=%2Fwp%2Fv2%2Fcomments&post=7692"}],"version-history":[{"count":2,"href":"https:\/\/tarasecaselor.ro\/index.php?rest_route=\/wp\/v2\/pages\/7692\/revisions"}],"predecessor-version":[{"id":7713,"href":"https:\/\/tarasecaselor.ro\/index.php?rest_route=\/wp\/v2\/pages\/7692\/revisions\/7713"}],"wp:attachment":[{"href":"https:\/\/tarasecaselor.ro\/index.php?rest_route=%2Fwp%2Fv2%2Fmedia&parent=7692"}],"curies":[{"name":"wp","href":"https:\/\/api.w.org\/{rel}","templated":true}]}}