{"id":7730,"date":"2026-02-17T17:47:18","date_gmt":"2026-02-17T17:47:18","guid":{"rendered":"https:\/\/tarasecaselor.ro\/?page_id=7730"},"modified":"2026-02-26T06:48:07","modified_gmt":"2026-02-26T06:48:07","slug":"anexe-apel-de-selectie-i-3-mediu-2-2","status":"publish","type":"page","link":"https:\/\/tarasecaselor.ro\/?page_id=7730","title":{"rendered":"Anexe Apel de selectie I.5 Mediu &#8211; 2"},"content":{"rendered":"<div class=\"wp-block-file\"><a id=\"wp-block-file--media-d9de1ce5-e43e-45dc-b1f3-221b38e2d238\" href=\"https:\/\/tarasecaselor.ro\/wp-content\/uploads\/2026\/02\/1.Cerere-de-finantare-Investitii-I5.pdf\">1.Cerere de finant\u0326are Investit\u0326ii &#8211; I5<\/a><a href=\"https:\/\/tarasecaselor.ro\/wp-content\/uploads\/2026\/02\/1.Cerere-de-finantare-Investitii-I5.pdf\" class=\"wp-block-file__button wp-element-button\" download aria-describedby=\"wp-block-file--media-d9de1ce5-e43e-45dc-b1f3-221b38e2d238\">Descarc\u0103<\/a><\/div><div class=\"wp-block-file\"><a id=\"wp-block-file--media-bc4fb117-68a3-4418-a853-74b0e930b824\" href=\"https:\/\/tarasecaselor.ro\/wp-content\/uploads\/2026\/02\/2.Cerere-de-finantare-Servicii-I5.pdf\">2.Cerere de finant\u0326are Servicii -I5<\/a><a href=\"https:\/\/tarasecaselor.ro\/wp-content\/uploads\/2026\/02\/2.Cerere-de-finantare-Servicii-I5.pdf\" class=\"wp-block-file__button wp-element-button\" download aria-describedby=\"wp-block-file--media-bc4fb117-68a3-4418-a853-74b0e930b824\">Descarc\u0103<\/a><\/div><div class=\"wp-block-file\"><a id=\"wp-block-file--media-34452eb7-507c-44b0-a5fe-1f283121cd53\" href=\"https:\/\/tarasecaselor.ro\/wp-content\/uploads\/2026\/02\/3.Cerere-de-finantare-Investitii-si-servicii-I5.pdf\">3.Cerere de finant\u0326are Investit\u0326ii s\u0326i servicii -I5<\/a><a href=\"https:\/\/tarasecaselor.ro\/wp-content\/uploads\/2026\/02\/3.Cerere-de-finantare-Investitii-si-servicii-I5.pdf\" class=\"wp-block-file__button wp-element-button\" download aria-describedby=\"wp-block-file--media-34452eb7-507c-44b0-a5fe-1f283121cd53\">Descarc\u0103<\/a><\/div><div class=\"wp-block-file\"><a id=\"wp-block-file--media-9ebdbf12-7721-444f-b88d-0e8eef41d2f4\" href=\"https:\/\/tarasecaselor.ro\/wp-content\/uploads\/2026\/02\/4.Anexa15-F1-FisaVerificare-CdCsCd.docx\">4.Anexa15-F1-FisaVerificare-CdCsCd<\/a><a href=\"https:\/\/tarasecaselor.ro\/wp-content\/uploads\/2026\/02\/4.Anexa15-F1-FisaVerificare-CdCsCd.docx\" class=\"wp-block-file__button wp-element-button\" download aria-describedby=\"wp-block-file--media-9ebdbf12-7721-444f-b88d-0e8eef41d2f4\">Descarc\u0103<\/a><\/div><div class=\"wp-block-file\"><a id=\"wp-block-file--media-7d22aeca-9215-4760-93b4-b2cbfe32a869\" href=\"https:\/\/tarasecaselor.ro\/wp-content\/uploads\/2026\/02\/5.Anexa-8-Model-Acord-de-parteneriat.doc\">5.Anexa 8 &#8211; Model Acord de parteneriat<\/a><a href=\"https:\/\/tarasecaselor.ro\/wp-content\/uploads\/2026\/02\/5.Anexa-8-Model-Acord-de-parteneriat.doc\" class=\"wp-block-file__button wp-element-button\" download aria-describedby=\"wp-block-file--media-7d22aeca-9215-4760-93b4-b2cbfe32a869\">Descarc\u0103<\/a><\/div><div class=\"wp-block-file\"><a id=\"wp-block-file--media-d1184a75-2197-4524-a860-63e5e47a8f0a\" href=\"https:\/\/tarasecaselor.ro\/wp-content\/uploads\/2026\/02\/6.Anexa-2-GAL-Model-HCL-privind-implementarea-proiectului.doc\">6.Anexa-2 GAL-Model HCL privind implementarea proiectului<\/a><a href=\"https:\/\/tarasecaselor.ro\/wp-content\/uploads\/2026\/02\/6.Anexa-2-GAL-Model-HCL-privind-implementarea-proiectului.doc\" class=\"wp-block-file__button wp-element-button\" download aria-describedby=\"wp-block-file--media-d1184a75-2197-4524-a860-63e5e47a8f0a\">Descarc\u0103<\/a><\/div><div class=\"wp-block-file\"><a id=\"wp-block-file--media-638599d8-39aa-4164-ba16-a18c92fea2de\" href=\"https:\/\/tarasecaselor.ro\/wp-content\/uploads\/2026\/02\/7.E1.2.2L-Fisa-de-evaluare-generala-a-proiectului-DR36-investitii.docx\">7.E1.2.2L &#8211; Fisa de evaluare generala a proiectului DR36 (investitii)<\/a><a href=\"https:\/\/tarasecaselor.ro\/wp-content\/uploads\/2026\/02\/7.E1.2.2L-Fisa-de-evaluare-generala-a-proiectului-DR36-investitii.docx\" class=\"wp-block-file__button wp-element-button\" download aria-describedby=\"wp-block-file--media-638599d8-39aa-4164-ba16-a18c92fea2de\">Descarc\u0103<\/a><\/div><div class=\"wp-block-file\"><a id=\"wp-block-file--media-cfda3525-c85e-4315-9272-3aba6a4e1b29\" href=\"https:\/\/tarasecaselor.ro\/wp-content\/uploads\/2026\/02\/8.E1.2.3L-Fisa-de-evaluare-generala-a-proiectului-DR-36-servicii.docx\">8.E1.2.3L &#8211; Fis\u0326a de evaluare generala\u0306 a proiectului DR 36 (servicii)<\/a><a href=\"https:\/\/tarasecaselor.ro\/wp-content\/uploads\/2026\/02\/8.E1.2.3L-Fisa-de-evaluare-generala-a-proiectului-DR-36-servicii.docx\" class=\"wp-block-file__button wp-element-button\" download aria-describedby=\"wp-block-file--media-cfda3525-c85e-4315-9272-3aba6a4e1b29\">Descarc\u0103<\/a><\/div><div class=\"wp-block-file\"><a id=\"wp-block-file--media-684fcea5-ab54-43bd-abdc-ec20aecb5f7d\" href=\"https:\/\/tarasecaselor.ro\/wp-content\/uploads\/2026\/02\/9.E1.2.5-L-Fisa-de-verificare-eligibilitate-generala-DR36proiecte-mixte.docx\">9.E1.2.5 L Fisa de verificare eligibilitate generala DR36(proiecte mixte)<\/a><a href=\"https:\/\/tarasecaselor.ro\/wp-content\/uploads\/2026\/02\/9.E1.2.5-L-Fisa-de-verificare-eligibilitate-generala-DR36proiecte-mixte.docx\" class=\"wp-block-file__button wp-element-button\" download aria-describedby=\"wp-block-file--media-684fcea5-ab54-43bd-abdc-ec20aecb5f7d\">Descarc\u0103<\/a><\/div><div class=\"wp-block-file\"><a id=\"wp-block-file--media-ca89ba62-eae8-48e8-a5dc-8decb5bdb854\" href=\"https:\/\/tarasecaselor.ro\/wp-content\/uploads\/2026\/02\/10.Anexa-5-GAL-Declaratie-privind-prelucrarea-datelor-cu-caracter-personal-GAL.doc\">10.Anexa 5 GAL &#8211; Declaratie privind prelucrarea datelor cu caracter personal-GAL<\/a><a href=\"https:\/\/tarasecaselor.ro\/wp-content\/uploads\/2026\/02\/10.Anexa-5-GAL-Declaratie-privind-prelucrarea-datelor-cu-caracter-personal-GAL.doc\" class=\"wp-block-file__button wp-element-button\" download aria-describedby=\"wp-block-file--media-ca89ba62-eae8-48e8-a5dc-8decb5bdb854\">Descarc\u0103<\/a><\/div><div class=\"wp-block-file\"><a id=\"wp-block-file--media-4d9c1add-1d29-42aa-8a45-faaa1c54f15b\" href=\"https:\/\/tarasecaselor.ro\/wp-content\/uploads\/2026\/02\/11.Anexa-6-Declaratie-privind-prelucrarea-datelor-cu-caracter-personal-AFIR.doc\">11.Anexa 6 &#8211; Declaratie privind prelucrarea datelor cu caracter personal -AFIR<\/a><a href=\"https:\/\/tarasecaselor.ro\/wp-content\/uploads\/2026\/02\/11.Anexa-6-Declaratie-privind-prelucrarea-datelor-cu-caracter-personal-AFIR.doc\" class=\"wp-block-file__button wp-element-button\" download aria-describedby=\"wp-block-file--media-4d9c1add-1d29-42aa-8a45-faaa1c54f15b\">Descarc\u0103<\/a><\/div><div class=\"wp-block-file\"><a id=\"wp-block-file--media-6a2f5f47-2e6c-421b-b8bc-fdab6a43c386\" href=\"https:\/\/tarasecaselor.ro\/wp-content\/uploads\/2026\/02\/12.Anexa-10.1-Model-Memoriu-Justificativ.doc\">12.Anexa 10.1 &#8211; Model Memoriu Justificativ<\/a><a href=\"https:\/\/tarasecaselor.ro\/wp-content\/uploads\/2026\/02\/12.Anexa-10.1-Model-Memoriu-Justificativ.doc\" class=\"wp-block-file__button wp-element-button\" download aria-describedby=\"wp-block-file--media-6a2f5f47-2e6c-421b-b8bc-fdab6a43c386\">Descarc\u0103<\/a><\/div><div class=\"wp-block-file\"><a id=\"wp-block-file--media-08516215-9910-468a-ae06-742981e5e74d\" href=\"https:\/\/tarasecaselor.ro\/wp-content\/uploads\/2026\/02\/13.Anexa-II-C1.1-\u2013-Materiale-si-activitati-informare-tip-publicitar.docx\">13.Anexa II C1.1 \u2013 Materiale s\u0326i activita\u0306t\u0326i informare tip publicitar<\/a><a href=\"https:\/\/tarasecaselor.ro\/wp-content\/uploads\/2026\/02\/13.Anexa-II-C1.1-\u2013-Materiale-si-activitati-informare-tip-publicitar.docx\" class=\"wp-block-file__button wp-element-button\" download aria-describedby=\"wp-block-file--media-08516215-9910-468a-ae06-742981e5e74d\">Descarc\u0103<\/a><\/div><div class=\"wp-block-file\"><a id=\"wp-block-file--media-b12e449d-7427-4805-a3f5-ee571f452166\" href=\"https:\/\/tarasecaselor.ro\/wp-content\/uploads\/2026\/02\/GhidSolicitant-I.5.pdf-final.pdf\">GhidSolicitant I.5.pdf -final<\/a><a href=\"https:\/\/tarasecaselor.ro\/wp-content\/uploads\/2026\/02\/GhidSolicitant-I.5.pdf-final.pdf\" class=\"wp-block-file__button wp-element-button\" download aria-describedby=\"wp-block-file--media-b12e449d-7427-4805-a3f5-ee571f452166\">Descarc\u0103<\/a><\/div><div class=\"wp-block-file\"><a id=\"wp-block-file--media-a600d193-ae8b-4910-8022-e0fc76616fff\" href=\"https:\/\/tarasecaselor.ro\/wp-content\/uploads\/2026\/02\/Ghid-Implementare-DR-36-V2-2.pdf\">Ghid Implementare DR 36 V2<\/a><a href=\"https:\/\/tarasecaselor.ro\/wp-content\/uploads\/2026\/02\/Ghid-Implementare-DR-36-V2-2.pdf\" class=\"wp-block-file__button wp-element-button\" download aria-describedby=\"wp-block-file--media-a600d193-ae8b-4910-8022-e0fc76616fff\">Descarc\u0103<\/a><\/div><p><\/p>","protected":false},"excerpt":{"rendered":"1.Cerere de finant\u0326are Investit\u0326ii - I5Descarc\u0103 2.Cerere de finant\u0326are Servicii -I5Descarc\u0103 3.Cerere de finant\u0326are Investit\u0326ii s\u0326i servicii -I5Descarc\u0103 4.Anexa15-F1-FisaVerificare-CdCsCdDescarc\u0103 5.Anexa 8 - Model Acord de parteneriatDescarc\u0103 6.Anexa-2 GAL-Model HCL privind implementarea proiectuluiDescarc\u0103 7.E1.2.2L - Fisa de evaluare generala a proiectului DR36 (investitii)Descarc\u0103 8.E1.2.3L - Fis\u0326a de evaluare generala\u0306 a proiectului DR 36 (servicii)Descarc\u0103 9.E1.2.5 L","protected":false},"author":1,"featured_media":0,"parent":0,"menu_order":0,"comment_status":"closed","ping_status":"closed","template":"","meta":{"footnotes":""},"class_list":["post-7730","page","type-page","status-publish","hentry"],"_links":{"self":[{"href":"https:\/\/tarasecaselor.ro\/index.php?rest_route=\/wp\/v2\/pages\/7730","targetHints":{"allow":["GET"]}}],"collection":[{"href":"https:\/\/tarasecaselor.ro\/index.php?rest_route=\/wp\/v2\/pages"}],"about":[{"href":"https:\/\/tarasecaselor.ro\/index.php?rest_route=\/wp\/v2\/types\/page"}],"author":[{"embeddable":true,"href":"https:\/\/tarasecaselor.ro\/index.php?rest_route=\/wp\/v2\/users\/1"}],"replies":[{"embeddable":true,"href":"https:\/\/tarasecaselor.ro\/index.php?rest_route=%2Fwp%2Fv2%2Fcomments&post=7730"}],"version-history":[{"count":7,"href":"https:\/\/tarasecaselor.ro\/index.php?rest_route=\/wp\/v2\/pages\/7730\/revisions"}],"predecessor-version":[{"id":7776,"href":"https:\/\/tarasecaselor.ro\/index.php?rest_route=\/wp\/v2\/pages\/7730\/revisions\/7776"}],"wp:attachment":[{"href":"https:\/\/tarasecaselor.ro\/index.php?rest_route=%2Fwp%2Fv2%2Fmedia&parent=7730"}],"curies":[{"name":"wp","href":"https:\/\/api.w.org\/{rel}","templated":true}]}}